{"id":47,"date":"2024-04-30T12:01:20","date_gmt":"2024-04-30T15:01:20","guid":{"rendered":"https:\/\/vitalclima.cl\/?post_type=product&#038;p=47"},"modified":"2026-04-05T21:35:45","modified_gmt":"2026-04-06T00:35:45","slug":"caldera-a-pellet-c25","status":"publish","type":"product","link":"https:\/\/vitalclima.cl\/index.php\/producto\/caldera-a-pellet-c25\/","title":{"rendered":"Caldera a pellet C15 DE 18,25 KW MARCA BIODOM"},"content":{"rendered":"<p>La caldera a pellet c15 es la soluci\u00f3n ideal para mantener tu hogar c\u00e1lido y confortable de manera eficiente y ecol\u00f3gica. Con su avanzada tecnolog\u00eda, esta caldera utiliza pellets de madera como combustible, reduciendo las emisiones y el impacto ambiental. Adem\u00e1s, su dise\u00f1o compacto y vers\u00e1til permite su instalaci\u00f3n en diferentes espacios.<\/p>\n","protected":false},"excerpt":{"rendered":"<p>Es la soluci\u00f3n ideal para mantener tu hogar c\u00e1lido y confortable de manera eficiente y ecol\u00f3gica.<\/p>\n<h2>Descripci\u00f3n<\/h2>\n<p><b>CALDERA DE PELLETS<\/b><\/p>\n<p><b>Eficiencia de m\u00e1s del 94%.<\/b><\/p>\n<p><b>Emisiones de gases de combusti\u00f3n extremadamente bajas.<\/b><\/p>\n<p><b>Encendido autom\u00e1tico y adici\u00f3n de pellets.<\/b><\/p>\n<p><b>Silo de pellets de 55 kg.<\/b><\/p>\n<p><b>Aspecto moderno y compacto.<\/b><\/p>\n<p><b>La unidad de control BIOLOGIC permite una alta eficiencia en todas las condiciones de funcionamiento y el reconocimiento autom\u00e1tico de la calidad de los pellets, el ajuste autom\u00e1tico de la potencia y r<\/b><b>establecimiento del funcionamiento en caso de corte de energ\u00eda.<\/b><\/p>\n<p><b>Programaci\u00f3n semanal.<\/b><\/p>\n<p><b>Operaci\u00f3n simple y clara.<\/b><\/p>\n<p><b>Cumple con la norma EN-303-5:2012 \u2013 clase 5<\/b><\/p>\n<p><b>Eficiencia Energ\u00e9tica: A++<\/b><\/p>\n","protected":false},"featured_media":48,"comment_status":"open","ping_status":"closed","template":"","meta":[],"product_cat":[23,19],"product_tag":[],"class_list":{"0":"post-47","1":"product","2":"type-product","3":"status-publish","4":"has-post-thumbnail","6":"product_cat-calderas-pellet","7":"product_cat-calefaccion-pellet","9":"first","10":"instock","11":"virtual","12":"product-type-simple"},"yoast_head":"<!-- This site is optimized with the Yoast SEO plugin v22.6 - https:\/\/yoast.com\/wordpress\/plugins\/seo\/ -->\n<title>Caldera a pellet C15 DE 18,25 KW MARCA BIODOM - Vitalclima<\/title>\n<meta name=\"robots\" content=\"index, follow, max-snippet:-1, max-image-preview:large, max-video-preview:-1\" \/>\n<link rel=\"canonical\" href=\"https:\/\/vitalclima.cl\/index.php\/producto\/caldera-a-pellet-c25\/\" \/>\n<meta property=\"og:locale\" content=\"es_ES\" \/>\n<meta property=\"og:type\" content=\"article\" \/>\n<meta property=\"og:title\" content=\"Caldera a pellet C15 DE 18,25 KW MARCA BIODOM - Vitalclima\" \/>\n<meta property=\"og:description\" content=\"Es la soluci\u00f3n ideal para mantener tu hogar c\u00e1lido y confortable de manera eficiente y ecol\u00f3gica. Descripci\u00f3n CALDERA DE PELLETS  Eficiencia de m\u00e1s del 94%.  Emisiones de gases de combusti\u00f3n extremadamente bajas.  Encendido autom\u00e1tico y adici\u00f3n de pellets.  Silo de pellets de 55 kg.  Aspecto moderno y compacto.  La unidad de control BIOLOGIC permite una alta eficiencia en todas las condiciones de funcionamiento y el reconocimiento autom\u00e1tico de la calidad de los pellets, el ajuste autom\u00e1tico de la potencia y restablecimiento del funcionamiento en caso de corte de energ\u00eda.  Programaci\u00f3n semanal.  Operaci\u00f3n simple y clara.  Cumple con la norma EN-303-5:2012 \u2013 clase 5  Eficiencia Energ\u00e9tica: A++\" \/>\n<meta property=\"og:url\" content=\"https:\/\/vitalclima.cl\/index.php\/producto\/caldera-a-pellet-c25\/\" \/>\n<meta property=\"og:site_name\" content=\"Vitalclima\" \/>\n<meta property=\"article:modified_time\" content=\"2026-04-06T00:35:45+00:00\" \/>\n<meta property=\"og:image\" content=\"https:\/\/vitalclima.cl\/wp-content\/uploads\/2024\/04\/caldera-a-pellet-c25.jpg\" \/>\n\t<meta property=\"og:image:width\" content=\"954\" \/>\n\t<meta property=\"og:image:height\" content=\"963\" \/>\n\t<meta property=\"og:image:type\" content=\"image\/jpeg\" \/>\n<meta name=\"twitter:card\" content=\"summary_large_image\" \/>\n<meta name=\"twitter:label1\" content=\"Tiempo estimado de lectura\" \/>\n\t<meta name=\"twitter:data1\" content=\"1 minuto\" \/>\n<script type=\"application\/ld+json\" class=\"yoast-schema-graph\">{\"@context\":\"https:\/\/schema.org\",\"@graph\":[{\"@type\":\"WebPage\",\"@id\":\"https:\/\/vitalclima.cl\/index.php\/producto\/caldera-a-pellet-c25\/\",\"url\":\"https:\/\/vitalclima.cl\/index.php\/producto\/caldera-a-pellet-c25\/\",\"name\":\"Caldera a pellet C15 DE 18,25 KW MARCA BIODOM - Vitalclima\",\"isPartOf\":{\"@id\":\"https:\/\/vitalclima.cl\/#website\"},\"primaryImageOfPage\":{\"@id\":\"https:\/\/vitalclima.cl\/index.php\/producto\/caldera-a-pellet-c25\/#primaryimage\"},\"image\":{\"@id\":\"https:\/\/vitalclima.cl\/index.php\/producto\/caldera-a-pellet-c25\/#primaryimage\"},\"thumbnailUrl\":\"https:\/\/vitalclima.cl\/wp-content\/uploads\/2024\/04\/caldera-a-pellet-c25.jpg\",\"datePublished\":\"2024-04-30T15:01:20+00:00\",\"dateModified\":\"2026-04-06T00:35:45+00:00\",\"breadcrumb\":{\"@id\":\"https:\/\/vitalclima.cl\/index.php\/producto\/caldera-a-pellet-c25\/#breadcrumb\"},\"inLanguage\":\"es-CL\",\"potentialAction\":[{\"@type\":\"ReadAction\",\"target\":[\"https:\/\/vitalclima.cl\/index.php\/producto\/caldera-a-pellet-c25\/\"]}]},{\"@type\":\"ImageObject\",\"inLanguage\":\"es-CL\",\"@id\":\"https:\/\/vitalclima.cl\/index.php\/producto\/caldera-a-pellet-c25\/#primaryimage\",\"url\":\"https:\/\/vitalclima.cl\/wp-content\/uploads\/2024\/04\/caldera-a-pellet-c25.jpg\",\"contentUrl\":\"https:\/\/vitalclima.cl\/wp-content\/uploads\/2024\/04\/caldera-a-pellet-c25.jpg\",\"width\":954,\"height\":963,\"caption\":\"caldera a pellet c25\"},{\"@type\":\"BreadcrumbList\",\"@id\":\"https:\/\/vitalclima.cl\/index.php\/producto\/caldera-a-pellet-c25\/#breadcrumb\",\"itemListElement\":[{\"@type\":\"ListItem\",\"position\":1,\"name\":\"Portada\",\"item\":\"https:\/\/vitalclima.cl\/\"},{\"@type\":\"ListItem\",\"position\":2,\"name\":\"Tienda\",\"item\":\"https:\/\/vitalclima.cl\/index.php\/tienda\/\"},{\"@type\":\"ListItem\",\"position\":3,\"name\":\"Caldera a pellet C15 DE 18,25 KW MARCA BIODOM\"}]},{\"@type\":\"WebSite\",\"@id\":\"https:\/\/vitalclima.cl\/#website\",\"url\":\"https:\/\/vitalclima.cl\/\",\"name\":\"Vitalclima\",\"description\":\"Productos de calidad y un servicio personalizado\",\"publisher\":{\"@id\":\"https:\/\/vitalclima.cl\/#organization\"},\"potentialAction\":[{\"@type\":\"SearchAction\",\"target\":{\"@type\":\"EntryPoint\",\"urlTemplate\":\"https:\/\/vitalclima.cl\/?s={search_term_string}\"},\"query-input\":\"required name=search_term_string\"}],\"inLanguage\":\"es-CL\"},{\"@type\":\"Organization\",\"@id\":\"https:\/\/vitalclima.cl\/#organization\",\"name\":\"Vitalclima\",\"url\":\"https:\/\/vitalclima.cl\/\",\"logo\":{\"@type\":\"ImageObject\",\"inLanguage\":\"es-CL\",\"@id\":\"https:\/\/vitalclima.cl\/#\/schema\/logo\/image\/\",\"url\":\"https:\/\/vitalclima.cl\/wp-content\/uploads\/2024\/04\/logo-vitalcima-web-ok.jpg\",\"contentUrl\":\"https:\/\/vitalclima.cl\/wp-content\/uploads\/2024\/04\/logo-vitalcima-web-ok.jpg\",\"width\":720,\"height\":502,\"caption\":\"Vitalclima\"},\"image\":{\"@id\":\"https:\/\/vitalclima.cl\/#\/schema\/logo\/image\/\"}}]}<\/script>\n<!-- \/ Yoast SEO plugin. -->","yoast_head_json":{"title":"Caldera a pellet C15 DE 18,25 KW MARCA BIODOM - Vitalclima","robots":{"index":"index","follow":"follow","max-snippet":"max-snippet:-1","max-image-preview":"max-image-preview:large","max-video-preview":"max-video-preview:-1"},"canonical":"https:\/\/vitalclima.cl\/index.php\/producto\/caldera-a-pellet-c25\/","og_locale":"es_ES","og_type":"article","og_title":"Caldera a pellet C15 DE 18,25 KW MARCA BIODOM - Vitalclima","og_description":"Es la soluci\u00f3n ideal para mantener tu hogar c\u00e1lido y confortable de manera eficiente y ecol\u00f3gica. Descripci\u00f3n CALDERA DE PELLETS  Eficiencia de m\u00e1s del 94%.  Emisiones de gases de combusti\u00f3n extremadamente bajas.  Encendido autom\u00e1tico y adici\u00f3n de pellets.  Silo de pellets de 55 kg.  Aspecto moderno y compacto.  La unidad de control BIOLOGIC permite una alta eficiencia en todas las condiciones de funcionamiento y el reconocimiento autom\u00e1tico de la calidad de los pellets, el ajuste autom\u00e1tico de la potencia y restablecimiento del funcionamiento en caso de corte de energ\u00eda.  Programaci\u00f3n semanal.  Operaci\u00f3n simple y clara.  Cumple con la norma EN-303-5:2012 \u2013 clase 5  Eficiencia Energ\u00e9tica: A++","og_url":"https:\/\/vitalclima.cl\/index.php\/producto\/caldera-a-pellet-c25\/","og_site_name":"Vitalclima","article_modified_time":"2026-04-06T00:35:45+00:00","og_image":[{"width":954,"height":963,"url":"https:\/\/vitalclima.cl\/wp-content\/uploads\/2024\/04\/caldera-a-pellet-c25.jpg","type":"image\/jpeg"}],"twitter_card":"summary_large_image","twitter_misc":{"Tiempo estimado de lectura":"1 minuto"},"schema":{"@context":"https:\/\/schema.org","@graph":[{"@type":"WebPage","@id":"https:\/\/vitalclima.cl\/index.php\/producto\/caldera-a-pellet-c25\/","url":"https:\/\/vitalclima.cl\/index.php\/producto\/caldera-a-pellet-c25\/","name":"Caldera a pellet C15 DE 18,25 KW MARCA BIODOM - Vitalclima","isPartOf":{"@id":"https:\/\/vitalclima.cl\/#website"},"primaryImageOfPage":{"@id":"https:\/\/vitalclima.cl\/index.php\/producto\/caldera-a-pellet-c25\/#primaryimage"},"image":{"@id":"https:\/\/vitalclima.cl\/index.php\/producto\/caldera-a-pellet-c25\/#primaryimage"},"thumbnailUrl":"https:\/\/vitalclima.cl\/wp-content\/uploads\/2024\/04\/caldera-a-pellet-c25.jpg","datePublished":"2024-04-30T15:01:20+00:00","dateModified":"2026-04-06T00:35:45+00:00","breadcrumb":{"@id":"https:\/\/vitalclima.cl\/index.php\/producto\/caldera-a-pellet-c25\/#breadcrumb"},"inLanguage":"es-CL","potentialAction":[{"@type":"ReadAction","target":["https:\/\/vitalclima.cl\/index.php\/producto\/caldera-a-pellet-c25\/"]}]},{"@type":"ImageObject","inLanguage":"es-CL","@id":"https:\/\/vitalclima.cl\/index.php\/producto\/caldera-a-pellet-c25\/#primaryimage","url":"https:\/\/vitalclima.cl\/wp-content\/uploads\/2024\/04\/caldera-a-pellet-c25.jpg","contentUrl":"https:\/\/vitalclima.cl\/wp-content\/uploads\/2024\/04\/caldera-a-pellet-c25.jpg","width":954,"height":963,"caption":"caldera a pellet c25"},{"@type":"BreadcrumbList","@id":"https:\/\/vitalclima.cl\/index.php\/producto\/caldera-a-pellet-c25\/#breadcrumb","itemListElement":[{"@type":"ListItem","position":1,"name":"Portada","item":"https:\/\/vitalclima.cl\/"},{"@type":"ListItem","position":2,"name":"Tienda","item":"https:\/\/vitalclima.cl\/index.php\/tienda\/"},{"@type":"ListItem","position":3,"name":"Caldera a pellet C15 DE 18,25 KW MARCA BIODOM"}]},{"@type":"WebSite","@id":"https:\/\/vitalclima.cl\/#website","url":"https:\/\/vitalclima.cl\/","name":"Vitalclima","description":"Productos de calidad y un servicio personalizado","publisher":{"@id":"https:\/\/vitalclima.cl\/#organization"},"potentialAction":[{"@type":"SearchAction","target":{"@type":"EntryPoint","urlTemplate":"https:\/\/vitalclima.cl\/?s={search_term_string}"},"query-input":"required name=search_term_string"}],"inLanguage":"es-CL"},{"@type":"Organization","@id":"https:\/\/vitalclima.cl\/#organization","name":"Vitalclima","url":"https:\/\/vitalclima.cl\/","logo":{"@type":"ImageObject","inLanguage":"es-CL","@id":"https:\/\/vitalclima.cl\/#\/schema\/logo\/image\/","url":"https:\/\/vitalclima.cl\/wp-content\/uploads\/2024\/04\/logo-vitalcima-web-ok.jpg","contentUrl":"https:\/\/vitalclima.cl\/wp-content\/uploads\/2024\/04\/logo-vitalcima-web-ok.jpg","width":720,"height":502,"caption":"Vitalclima"},"image":{"@id":"https:\/\/vitalclima.cl\/#\/schema\/logo\/image\/"}}]}},"_links":{"self":[{"href":"https:\/\/vitalclima.cl\/index.php\/wp-json\/wp\/v2\/product\/47","targetHints":{"allow":["GET"]}}],"collection":[{"href":"https:\/\/vitalclima.cl\/index.php\/wp-json\/wp\/v2\/product"}],"about":[{"href":"https:\/\/vitalclima.cl\/index.php\/wp-json\/wp\/v2\/types\/product"}],"replies":[{"embeddable":true,"href":"https:\/\/vitalclima.cl\/index.php\/wp-json\/wp\/v2\/comments?post=47"}],"wp:featuredmedia":[{"embeddable":true,"href":"https:\/\/vitalclima.cl\/index.php\/wp-json\/wp\/v2\/media\/48"}],"wp:attachment":[{"href":"https:\/\/vitalclima.cl\/index.php\/wp-json\/wp\/v2\/media?parent=47"}],"wp:term":[{"taxonomy":"product_cat","embeddable":true,"href":"https:\/\/vitalclima.cl\/index.php\/wp-json\/wp\/v2\/product_cat?post=47"},{"taxonomy":"product_tag","embeddable":true,"href":"https:\/\/vitalclima.cl\/index.php\/wp-json\/wp\/v2\/product_tag?post=47"}],"curies":[{"name":"wp","href":"https:\/\/api.w.org\/{rel}","templated":true}]}}