{"id":59,"date":"2024-04-30T12:07:26","date_gmt":"2024-04-30T15:07:26","guid":{"rendered":"https:\/\/vitalclima.cl\/?post_type=product&#038;p=59"},"modified":"2026-04-05T21:34:35","modified_gmt":"2026-04-06T00:34:35","slug":"crisol-pretty","status":"publish","type":"product","link":"https:\/\/vitalclima.cl\/index.php\/producto\/crisol-pretty\/","title":{"rendered":"Crisol Pretty-Laura CADEL\/DFF"},"content":{"rendered":"<p>El <strong>Crisol de estufa<\/strong> es un componente esencial en las estufas de combustible s\u00f3lido. Se trata de un recipiente resistente al calor ubicado en el interior de la estufa, donde se coloca el combustible para su combusti\u00f3n. El crisol est\u00e1 dise\u00f1ado para soportar altas temperaturas y mantener el combustible contenido de manera segura durante el proceso de calentamiento. Adem\u00e1s, el crisol ayuda a dirigir el flujo de aire y promover una combusti\u00f3n eficiente, maximizando la producci\u00f3n de calor y minimizando la emisi\u00f3n de humo y gases nocivos.<\/p>\n","protected":false},"excerpt":{"rendered":"<p>El <strong>Crisol de estufa<\/strong> es un componente esencial en las estufas de combustible s\u00f3lido<\/p>\n","protected":false},"featured_media":60,"comment_status":"open","ping_status":"closed","template":"","meta":[],"product_cat":[19,24],"product_tag":[],"class_list":{"0":"post-59","1":"product","2":"type-product","3":"status-publish","4":"has-post-thumbnail","6":"product_cat-calefaccion-pellet","7":"product_cat-repuestos","9":"first","10":"instock","11":"shipping-taxable","12":"product-type-simple"},"yoast_head":"<!-- This site is optimized with the Yoast SEO plugin v22.6 - https:\/\/yoast.com\/wordpress\/plugins\/seo\/ -->\n<title>Crisol Pretty-Laura CADEL\/DFF - Vitalclima<\/title>\n<meta name=\"robots\" content=\"index, follow, max-snippet:-1, max-image-preview:large, max-video-preview:-1\" \/>\n<link rel=\"canonical\" href=\"https:\/\/vitalclima.cl\/index.php\/producto\/crisol-pretty\/\" \/>\n<meta property=\"og:locale\" content=\"es_ES\" \/>\n<meta property=\"og:type\" content=\"article\" \/>\n<meta property=\"og:title\" content=\"Crisol Pretty-Laura CADEL\/DFF - Vitalclima\" \/>\n<meta property=\"og:description\" content=\"El Crisol de estufa es un componente esencial en las estufas de combustible s\u00f3lido\" \/>\n<meta property=\"og:url\" content=\"https:\/\/vitalclima.cl\/index.php\/producto\/crisol-pretty\/\" \/>\n<meta property=\"og:site_name\" content=\"Vitalclima\" \/>\n<meta property=\"article:modified_time\" content=\"2026-04-06T00:34:35+00:00\" \/>\n<meta property=\"og:image\" content=\"https:\/\/vitalclima.cl\/wp-content\/uploads\/2024\/04\/repuesto-crisol-pretty-cadel.jpg\" \/>\n\t<meta property=\"og:image:width\" content=\"910\" \/>\n\t<meta property=\"og:image:height\" content=\"952\" \/>\n\t<meta property=\"og:image:type\" content=\"image\/jpeg\" \/>\n<meta name=\"twitter:card\" content=\"summary_large_image\" \/>\n<meta name=\"twitter:label1\" content=\"Tiempo estimado de lectura\" \/>\n\t<meta name=\"twitter:data1\" content=\"1 minuto\" \/>\n<script type=\"application\/ld+json\" class=\"yoast-schema-graph\">{\"@context\":\"https:\/\/schema.org\",\"@graph\":[{\"@type\":\"WebPage\",\"@id\":\"https:\/\/vitalclima.cl\/index.php\/producto\/crisol-pretty\/\",\"url\":\"https:\/\/vitalclima.cl\/index.php\/producto\/crisol-pretty\/\",\"name\":\"Crisol Pretty-Laura CADEL\/DFF - Vitalclima\",\"isPartOf\":{\"@id\":\"https:\/\/vitalclima.cl\/#website\"},\"primaryImageOfPage\":{\"@id\":\"https:\/\/vitalclima.cl\/index.php\/producto\/crisol-pretty\/#primaryimage\"},\"image\":{\"@id\":\"https:\/\/vitalclima.cl\/index.php\/producto\/crisol-pretty\/#primaryimage\"},\"thumbnailUrl\":\"https:\/\/vitalclima.cl\/wp-content\/uploads\/2024\/04\/repuesto-crisol-pretty-cadel.jpg\",\"datePublished\":\"2024-04-30T15:07:26+00:00\",\"dateModified\":\"2026-04-06T00:34:35+00:00\",\"breadcrumb\":{\"@id\":\"https:\/\/vitalclima.cl\/index.php\/producto\/crisol-pretty\/#breadcrumb\"},\"inLanguage\":\"es-CL\",\"potentialAction\":[{\"@type\":\"ReadAction\",\"target\":[\"https:\/\/vitalclima.cl\/index.php\/producto\/crisol-pretty\/\"]}]},{\"@type\":\"ImageObject\",\"inLanguage\":\"es-CL\",\"@id\":\"https:\/\/vitalclima.cl\/index.php\/producto\/crisol-pretty\/#primaryimage\",\"url\":\"https:\/\/vitalclima.cl\/wp-content\/uploads\/2024\/04\/repuesto-crisol-pretty-cadel.jpg\",\"contentUrl\":\"https:\/\/vitalclima.cl\/wp-content\/uploads\/2024\/04\/repuesto-crisol-pretty-cadel.jpg\",\"width\":910,\"height\":952,\"caption\":\"repuesto crisol pretty cadel\"},{\"@type\":\"BreadcrumbList\",\"@id\":\"https:\/\/vitalclima.cl\/index.php\/producto\/crisol-pretty\/#breadcrumb\",\"itemListElement\":[{\"@type\":\"ListItem\",\"position\":1,\"name\":\"Portada\",\"item\":\"https:\/\/vitalclima.cl\/\"},{\"@type\":\"ListItem\",\"position\":2,\"name\":\"Tienda\",\"item\":\"https:\/\/vitalclima.cl\/index.php\/tienda\/\"},{\"@type\":\"ListItem\",\"position\":3,\"name\":\"Crisol Pretty-Laura CADEL\/DFF\"}]},{\"@type\":\"WebSite\",\"@id\":\"https:\/\/vitalclima.cl\/#website\",\"url\":\"https:\/\/vitalclima.cl\/\",\"name\":\"Vitalclima\",\"description\":\"Productos de calidad y un servicio personalizado\",\"publisher\":{\"@id\":\"https:\/\/vitalclima.cl\/#organization\"},\"potentialAction\":[{\"@type\":\"SearchAction\",\"target\":{\"@type\":\"EntryPoint\",\"urlTemplate\":\"https:\/\/vitalclima.cl\/?s={search_term_string}\"},\"query-input\":\"required name=search_term_string\"}],\"inLanguage\":\"es-CL\"},{\"@type\":\"Organization\",\"@id\":\"https:\/\/vitalclima.cl\/#organization\",\"name\":\"Vitalclima\",\"url\":\"https:\/\/vitalclima.cl\/\",\"logo\":{\"@type\":\"ImageObject\",\"inLanguage\":\"es-CL\",\"@id\":\"https:\/\/vitalclima.cl\/#\/schema\/logo\/image\/\",\"url\":\"https:\/\/vitalclima.cl\/wp-content\/uploads\/2024\/04\/logo-vitalcima-web-ok.jpg\",\"contentUrl\":\"https:\/\/vitalclima.cl\/wp-content\/uploads\/2024\/04\/logo-vitalcima-web-ok.jpg\",\"width\":720,\"height\":502,\"caption\":\"Vitalclima\"},\"image\":{\"@id\":\"https:\/\/vitalclima.cl\/#\/schema\/logo\/image\/\"}}]}<\/script>\n<!-- \/ Yoast SEO plugin. -->","yoast_head_json":{"title":"Crisol Pretty-Laura CADEL\/DFF - Vitalclima","robots":{"index":"index","follow":"follow","max-snippet":"max-snippet:-1","max-image-preview":"max-image-preview:large","max-video-preview":"max-video-preview:-1"},"canonical":"https:\/\/vitalclima.cl\/index.php\/producto\/crisol-pretty\/","og_locale":"es_ES","og_type":"article","og_title":"Crisol Pretty-Laura CADEL\/DFF - Vitalclima","og_description":"El Crisol de estufa es un componente esencial en las estufas de combustible s\u00f3lido","og_url":"https:\/\/vitalclima.cl\/index.php\/producto\/crisol-pretty\/","og_site_name":"Vitalclima","article_modified_time":"2026-04-06T00:34:35+00:00","og_image":[{"width":910,"height":952,"url":"https:\/\/vitalclima.cl\/wp-content\/uploads\/2024\/04\/repuesto-crisol-pretty-cadel.jpg","type":"image\/jpeg"}],"twitter_card":"summary_large_image","twitter_misc":{"Tiempo estimado de lectura":"1 minuto"},"schema":{"@context":"https:\/\/schema.org","@graph":[{"@type":"WebPage","@id":"https:\/\/vitalclima.cl\/index.php\/producto\/crisol-pretty\/","url":"https:\/\/vitalclima.cl\/index.php\/producto\/crisol-pretty\/","name":"Crisol Pretty-Laura CADEL\/DFF - Vitalclima","isPartOf":{"@id":"https:\/\/vitalclima.cl\/#website"},"primaryImageOfPage":{"@id":"https:\/\/vitalclima.cl\/index.php\/producto\/crisol-pretty\/#primaryimage"},"image":{"@id":"https:\/\/vitalclima.cl\/index.php\/producto\/crisol-pretty\/#primaryimage"},"thumbnailUrl":"https:\/\/vitalclima.cl\/wp-content\/uploads\/2024\/04\/repuesto-crisol-pretty-cadel.jpg","datePublished":"2024-04-30T15:07:26+00:00","dateModified":"2026-04-06T00:34:35+00:00","breadcrumb":{"@id":"https:\/\/vitalclima.cl\/index.php\/producto\/crisol-pretty\/#breadcrumb"},"inLanguage":"es-CL","potentialAction":[{"@type":"ReadAction","target":["https:\/\/vitalclima.cl\/index.php\/producto\/crisol-pretty\/"]}]},{"@type":"ImageObject","inLanguage":"es-CL","@id":"https:\/\/vitalclima.cl\/index.php\/producto\/crisol-pretty\/#primaryimage","url":"https:\/\/vitalclima.cl\/wp-content\/uploads\/2024\/04\/repuesto-crisol-pretty-cadel.jpg","contentUrl":"https:\/\/vitalclima.cl\/wp-content\/uploads\/2024\/04\/repuesto-crisol-pretty-cadel.jpg","width":910,"height":952,"caption":"repuesto crisol pretty cadel"},{"@type":"BreadcrumbList","@id":"https:\/\/vitalclima.cl\/index.php\/producto\/crisol-pretty\/#breadcrumb","itemListElement":[{"@type":"ListItem","position":1,"name":"Portada","item":"https:\/\/vitalclima.cl\/"},{"@type":"ListItem","position":2,"name":"Tienda","item":"https:\/\/vitalclima.cl\/index.php\/tienda\/"},{"@type":"ListItem","position":3,"name":"Crisol Pretty-Laura CADEL\/DFF"}]},{"@type":"WebSite","@id":"https:\/\/vitalclima.cl\/#website","url":"https:\/\/vitalclima.cl\/","name":"Vitalclima","description":"Productos de calidad y un servicio personalizado","publisher":{"@id":"https:\/\/vitalclima.cl\/#organization"},"potentialAction":[{"@type":"SearchAction","target":{"@type":"EntryPoint","urlTemplate":"https:\/\/vitalclima.cl\/?s={search_term_string}"},"query-input":"required name=search_term_string"}],"inLanguage":"es-CL"},{"@type":"Organization","@id":"https:\/\/vitalclima.cl\/#organization","name":"Vitalclima","url":"https:\/\/vitalclima.cl\/","logo":{"@type":"ImageObject","inLanguage":"es-CL","@id":"https:\/\/vitalclima.cl\/#\/schema\/logo\/image\/","url":"https:\/\/vitalclima.cl\/wp-content\/uploads\/2024\/04\/logo-vitalcima-web-ok.jpg","contentUrl":"https:\/\/vitalclima.cl\/wp-content\/uploads\/2024\/04\/logo-vitalcima-web-ok.jpg","width":720,"height":502,"caption":"Vitalclima"},"image":{"@id":"https:\/\/vitalclima.cl\/#\/schema\/logo\/image\/"}}]}},"_links":{"self":[{"href":"https:\/\/vitalclima.cl\/index.php\/wp-json\/wp\/v2\/product\/59","targetHints":{"allow":["GET"]}}],"collection":[{"href":"https:\/\/vitalclima.cl\/index.php\/wp-json\/wp\/v2\/product"}],"about":[{"href":"https:\/\/vitalclima.cl\/index.php\/wp-json\/wp\/v2\/types\/product"}],"replies":[{"embeddable":true,"href":"https:\/\/vitalclima.cl\/index.php\/wp-json\/wp\/v2\/comments?post=59"}],"wp:featuredmedia":[{"embeddable":true,"href":"https:\/\/vitalclima.cl\/index.php\/wp-json\/wp\/v2\/media\/60"}],"wp:attachment":[{"href":"https:\/\/vitalclima.cl\/index.php\/wp-json\/wp\/v2\/media?parent=59"}],"wp:term":[{"taxonomy":"product_cat","embeddable":true,"href":"https:\/\/vitalclima.cl\/index.php\/wp-json\/wp\/v2\/product_cat?post=59"},{"taxonomy":"product_tag","embeddable":true,"href":"https:\/\/vitalclima.cl\/index.php\/wp-json\/wp\/v2\/product_tag?post=59"}],"curies":[{"name":"wp","href":"https:\/\/api.w.org\/{rel}","templated":true}]}}