{"id":714,"date":"2025-08-10T17:17:08","date_gmt":"2025-08-10T20:17:08","guid":{"rendered":"https:\/\/vitalclima.cl\/?post_type=product&#038;p=714"},"modified":"2025-09-12T13:54:38","modified_gmt":"2025-09-12T16:54:38","slug":"horno-de-calor-envolvente","status":"publish","type":"product","link":"https:\/\/vitalclima.cl\/index.php\/producto\/horno-de-calor-envolvente\/","title":{"rendered":"HORNO DE CALOR ENVOLVENTE"},"content":{"rendered":"<h5 class=\"card-title\">Caracter\u00edsticas<\/h5>\n<p class=\"card-text\">Incluyen dos bandejas enlozadas, un\u00a0term\u00f3metro met\u00e1lico, doble tiraje de humo y base con ruedas desmontables para facilitar su traslado. Adem\u00e1s, vienen con ca\u00f1\u00f3n y gorro incluidos, lo que permite una correcta evacuaci\u00f3n del humo.<\/p>\n<h5 class=\"card-title\">Eficiencia Energ\u00e9tica<\/h5>\n<p>permite conservar la temperatura interna por m\u00e1s tiempo con un menor consumo de combustible. Esto no solo mejora la eficiencia energ\u00e9tica del horno, sino que tambi\u00e9n brinda una cocci\u00f3n m\u00e1s estable y segura, incluso en jornadas prolongadas.<\/p>\n","protected":false},"excerpt":{"rendered":"<p>Nuestros hornos combinan eficiencia, durabilidad y un toque tradicional en cada preparaci\u00f3n.<\/p>\n<p>Disponibles en revestimiento de Piedra laja y Ladrillo.<\/p>\n<h5 class=\"card-title\">Versiones<\/h5>\n<p class=\"card-text\">Disponibles en dos versiones \u2014<strong>99 y 155 litros<\/strong>\u2014 estos hornos son fabricados con tambor de acero inoxidable y cuentan con un sistema de calor envolvente que asegura una cocci\u00f3n pareja, perfecta para pan, pizzas, carnes y todo lo que imagines preparar con carb\u00f3n.<\/p>\n<p>&nbsp;<\/p>\n","protected":false},"featured_media":715,"comment_status":"open","ping_status":"closed","template":"","meta":[],"product_cat":[33],"product_tag":[],"class_list":{"0":"post-714","1":"product","2":"type-product","3":"status-publish","4":"has-post-thumbnail","6":"product_cat-quinchos","8":"first","9":"instock","10":"virtual","11":"purchasable","12":"product-type-simple"},"yoast_head":"<!-- This site is optimized with the Yoast SEO plugin v22.6 - https:\/\/yoast.com\/wordpress\/plugins\/seo\/ -->\n<title>HORNO DE CALOR ENVOLVENTE - Vitalclima<\/title>\n<meta name=\"robots\" content=\"index, follow, max-snippet:-1, max-image-preview:large, max-video-preview:-1\" \/>\n<link rel=\"canonical\" href=\"https:\/\/vitalclima.cl\/index.php\/producto\/horno-de-calor-envolvente\/\" \/>\n<meta property=\"og:locale\" content=\"es_ES\" \/>\n<meta property=\"og:type\" content=\"article\" \/>\n<meta property=\"og:title\" content=\"HORNO DE CALOR ENVOLVENTE - Vitalclima\" \/>\n<meta property=\"og:description\" content=\"Nuestros hornos combinan eficiencia, durabilidad y un toque tradicional en cada preparaci\u00f3n.  Disponibles en revestimiento de Piedra laja y Ladrillo. Versiones Disponibles en dos versiones \u201499 y 155 litros\u2014 estos hornos son fabricados con tambor de acero inoxidable y cuentan con un sistema de calor envolvente que asegura una cocci\u00f3n pareja, perfecta para pan, pizzas, carnes y todo lo que imagines preparar con carb\u00f3n. &nbsp;\" \/>\n<meta property=\"og:url\" content=\"https:\/\/vitalclima.cl\/index.php\/producto\/horno-de-calor-envolvente\/\" \/>\n<meta property=\"og:site_name\" content=\"Vitalclima\" \/>\n<meta property=\"article:modified_time\" content=\"2025-09-12T16:54:38+00:00\" \/>\n<meta property=\"og:image\" content=\"https:\/\/vitalclima.cl\/wp-content\/uploads\/2025\/08\/HORNO.jpg\" \/>\n\t<meta property=\"og:image:width\" content=\"705\" \/>\n\t<meta property=\"og:image:height\" content=\"705\" \/>\n\t<meta property=\"og:image:type\" content=\"image\/jpeg\" \/>\n<meta name=\"twitter:card\" content=\"summary_large_image\" \/>\n<meta name=\"twitter:label1\" content=\"Tiempo estimado de lectura\" \/>\n\t<meta name=\"twitter:data1\" content=\"1 minuto\" \/>\n<script type=\"application\/ld+json\" class=\"yoast-schema-graph\">{\"@context\":\"https:\/\/schema.org\",\"@graph\":[{\"@type\":\"WebPage\",\"@id\":\"https:\/\/vitalclima.cl\/index.php\/producto\/horno-de-calor-envolvente\/\",\"url\":\"https:\/\/vitalclima.cl\/index.php\/producto\/horno-de-calor-envolvente\/\",\"name\":\"HORNO DE CALOR ENVOLVENTE - Vitalclima\",\"isPartOf\":{\"@id\":\"https:\/\/vitalclima.cl\/#website\"},\"primaryImageOfPage\":{\"@id\":\"https:\/\/vitalclima.cl\/index.php\/producto\/horno-de-calor-envolvente\/#primaryimage\"},\"image\":{\"@id\":\"https:\/\/vitalclima.cl\/index.php\/producto\/horno-de-calor-envolvente\/#primaryimage\"},\"thumbnailUrl\":\"https:\/\/vitalclima.cl\/wp-content\/uploads\/2025\/08\/HORNO.jpg\",\"datePublished\":\"2025-08-10T20:17:08+00:00\",\"dateModified\":\"2025-09-12T16:54:38+00:00\",\"breadcrumb\":{\"@id\":\"https:\/\/vitalclima.cl\/index.php\/producto\/horno-de-calor-envolvente\/#breadcrumb\"},\"inLanguage\":\"es-CL\",\"potentialAction\":[{\"@type\":\"ReadAction\",\"target\":[\"https:\/\/vitalclima.cl\/index.php\/producto\/horno-de-calor-envolvente\/\"]}]},{\"@type\":\"ImageObject\",\"inLanguage\":\"es-CL\",\"@id\":\"https:\/\/vitalclima.cl\/index.php\/producto\/horno-de-calor-envolvente\/#primaryimage\",\"url\":\"https:\/\/vitalclima.cl\/wp-content\/uploads\/2025\/08\/HORNO.jpg\",\"contentUrl\":\"https:\/\/vitalclima.cl\/wp-content\/uploads\/2025\/08\/HORNO.jpg\",\"width\":705,\"height\":705},{\"@type\":\"BreadcrumbList\",\"@id\":\"https:\/\/vitalclima.cl\/index.php\/producto\/horno-de-calor-envolvente\/#breadcrumb\",\"itemListElement\":[{\"@type\":\"ListItem\",\"position\":1,\"name\":\"Portada\",\"item\":\"https:\/\/vitalclima.cl\/\"},{\"@type\":\"ListItem\",\"position\":2,\"name\":\"Tienda\",\"item\":\"https:\/\/vitalclima.cl\/index.php\/tienda\/\"},{\"@type\":\"ListItem\",\"position\":3,\"name\":\"HORNO DE CALOR ENVOLVENTE\"}]},{\"@type\":\"WebSite\",\"@id\":\"https:\/\/vitalclima.cl\/#website\",\"url\":\"https:\/\/vitalclima.cl\/\",\"name\":\"Vitalclima\",\"description\":\"Productos de calidad y un servicio personalizado\",\"publisher\":{\"@id\":\"https:\/\/vitalclima.cl\/#organization\"},\"potentialAction\":[{\"@type\":\"SearchAction\",\"target\":{\"@type\":\"EntryPoint\",\"urlTemplate\":\"https:\/\/vitalclima.cl\/?s={search_term_string}\"},\"query-input\":\"required name=search_term_string\"}],\"inLanguage\":\"es-CL\"},{\"@type\":\"Organization\",\"@id\":\"https:\/\/vitalclima.cl\/#organization\",\"name\":\"Vitalclima\",\"url\":\"https:\/\/vitalclima.cl\/\",\"logo\":{\"@type\":\"ImageObject\",\"inLanguage\":\"es-CL\",\"@id\":\"https:\/\/vitalclima.cl\/#\/schema\/logo\/image\/\",\"url\":\"https:\/\/vitalclima.cl\/wp-content\/uploads\/2024\/04\/logo-vitalcima-web-ok.jpg\",\"contentUrl\":\"https:\/\/vitalclima.cl\/wp-content\/uploads\/2024\/04\/logo-vitalcima-web-ok.jpg\",\"width\":720,\"height\":502,\"caption\":\"Vitalclima\"},\"image\":{\"@id\":\"https:\/\/vitalclima.cl\/#\/schema\/logo\/image\/\"}}]}<\/script>\n<!-- \/ Yoast SEO plugin. -->","yoast_head_json":{"title":"HORNO DE CALOR ENVOLVENTE - Vitalclima","robots":{"index":"index","follow":"follow","max-snippet":"max-snippet:-1","max-image-preview":"max-image-preview:large","max-video-preview":"max-video-preview:-1"},"canonical":"https:\/\/vitalclima.cl\/index.php\/producto\/horno-de-calor-envolvente\/","og_locale":"es_ES","og_type":"article","og_title":"HORNO DE CALOR ENVOLVENTE - Vitalclima","og_description":"Nuestros hornos combinan eficiencia, durabilidad y un toque tradicional en cada preparaci\u00f3n.  Disponibles en revestimiento de Piedra laja y Ladrillo. Versiones Disponibles en dos versiones \u201499 y 155 litros\u2014 estos hornos son fabricados con tambor de acero inoxidable y cuentan con un sistema de calor envolvente que asegura una cocci\u00f3n pareja, perfecta para pan, pizzas, carnes y todo lo que imagines preparar con carb\u00f3n. &nbsp;","og_url":"https:\/\/vitalclima.cl\/index.php\/producto\/horno-de-calor-envolvente\/","og_site_name":"Vitalclima","article_modified_time":"2025-09-12T16:54:38+00:00","og_image":[{"width":705,"height":705,"url":"https:\/\/vitalclima.cl\/wp-content\/uploads\/2025\/08\/HORNO.jpg","type":"image\/jpeg"}],"twitter_card":"summary_large_image","twitter_misc":{"Tiempo estimado de lectura":"1 minuto"},"schema":{"@context":"https:\/\/schema.org","@graph":[{"@type":"WebPage","@id":"https:\/\/vitalclima.cl\/index.php\/producto\/horno-de-calor-envolvente\/","url":"https:\/\/vitalclima.cl\/index.php\/producto\/horno-de-calor-envolvente\/","name":"HORNO DE CALOR ENVOLVENTE - Vitalclima","isPartOf":{"@id":"https:\/\/vitalclima.cl\/#website"},"primaryImageOfPage":{"@id":"https:\/\/vitalclima.cl\/index.php\/producto\/horno-de-calor-envolvente\/#primaryimage"},"image":{"@id":"https:\/\/vitalclima.cl\/index.php\/producto\/horno-de-calor-envolvente\/#primaryimage"},"thumbnailUrl":"https:\/\/vitalclima.cl\/wp-content\/uploads\/2025\/08\/HORNO.jpg","datePublished":"2025-08-10T20:17:08+00:00","dateModified":"2025-09-12T16:54:38+00:00","breadcrumb":{"@id":"https:\/\/vitalclima.cl\/index.php\/producto\/horno-de-calor-envolvente\/#breadcrumb"},"inLanguage":"es-CL","potentialAction":[{"@type":"ReadAction","target":["https:\/\/vitalclima.cl\/index.php\/producto\/horno-de-calor-envolvente\/"]}]},{"@type":"ImageObject","inLanguage":"es-CL","@id":"https:\/\/vitalclima.cl\/index.php\/producto\/horno-de-calor-envolvente\/#primaryimage","url":"https:\/\/vitalclima.cl\/wp-content\/uploads\/2025\/08\/HORNO.jpg","contentUrl":"https:\/\/vitalclima.cl\/wp-content\/uploads\/2025\/08\/HORNO.jpg","width":705,"height":705},{"@type":"BreadcrumbList","@id":"https:\/\/vitalclima.cl\/index.php\/producto\/horno-de-calor-envolvente\/#breadcrumb","itemListElement":[{"@type":"ListItem","position":1,"name":"Portada","item":"https:\/\/vitalclima.cl\/"},{"@type":"ListItem","position":2,"name":"Tienda","item":"https:\/\/vitalclima.cl\/index.php\/tienda\/"},{"@type":"ListItem","position":3,"name":"HORNO DE CALOR ENVOLVENTE"}]},{"@type":"WebSite","@id":"https:\/\/vitalclima.cl\/#website","url":"https:\/\/vitalclima.cl\/","name":"Vitalclima","description":"Productos de calidad y un servicio personalizado","publisher":{"@id":"https:\/\/vitalclima.cl\/#organization"},"potentialAction":[{"@type":"SearchAction","target":{"@type":"EntryPoint","urlTemplate":"https:\/\/vitalclima.cl\/?s={search_term_string}"},"query-input":"required name=search_term_string"}],"inLanguage":"es-CL"},{"@type":"Organization","@id":"https:\/\/vitalclima.cl\/#organization","name":"Vitalclima","url":"https:\/\/vitalclima.cl\/","logo":{"@type":"ImageObject","inLanguage":"es-CL","@id":"https:\/\/vitalclima.cl\/#\/schema\/logo\/image\/","url":"https:\/\/vitalclima.cl\/wp-content\/uploads\/2024\/04\/logo-vitalcima-web-ok.jpg","contentUrl":"https:\/\/vitalclima.cl\/wp-content\/uploads\/2024\/04\/logo-vitalcima-web-ok.jpg","width":720,"height":502,"caption":"Vitalclima"},"image":{"@id":"https:\/\/vitalclima.cl\/#\/schema\/logo\/image\/"}}]}},"_links":{"self":[{"href":"https:\/\/vitalclima.cl\/index.php\/wp-json\/wp\/v2\/product\/714","targetHints":{"allow":["GET"]}}],"collection":[{"href":"https:\/\/vitalclima.cl\/index.php\/wp-json\/wp\/v2\/product"}],"about":[{"href":"https:\/\/vitalclima.cl\/index.php\/wp-json\/wp\/v2\/types\/product"}],"replies":[{"embeddable":true,"href":"https:\/\/vitalclima.cl\/index.php\/wp-json\/wp\/v2\/comments?post=714"}],"wp:featuredmedia":[{"embeddable":true,"href":"https:\/\/vitalclima.cl\/index.php\/wp-json\/wp\/v2\/media\/715"}],"wp:attachment":[{"href":"https:\/\/vitalclima.cl\/index.php\/wp-json\/wp\/v2\/media?parent=714"}],"wp:term":[{"taxonomy":"product_cat","embeddable":true,"href":"https:\/\/vitalclima.cl\/index.php\/wp-json\/wp\/v2\/product_cat?post=714"},{"taxonomy":"product_tag","embeddable":true,"href":"https:\/\/vitalclima.cl\/index.php\/wp-json\/wp\/v2\/product_tag?post=714"}],"curies":[{"name":"wp","href":"https:\/\/api.w.org\/{rel}","templated":true}]}}